{"id":82,"date":"2025-03-27T18:28:11","date_gmt":"2025-03-27T18:28:11","guid":{"rendered":"https:\/\/ilmapumput.fi\/wordpress\/?post_type=product&#038;p=82"},"modified":"2026-03-25T17:41:29","modified_gmt":"2026-03-25T17:41:29","slug":"ilmastuspumppu-la-60","status":"publish","type":"product","link":"https:\/\/ilmapumput.fi\/wordpress\/index.php\/tuote\/ilmastuspumppu-la-60\/","title":{"rendered":"Ilmastuspumppu LA-60"},"content":{"rendered":"<p>Laadukas Japanilainen ilmastuspumppu. M\u00e4nt\u00e4toiminen, eritt\u00e4in pitk\u00e4ik\u00e4inen. Helppo huoltaa tarvittaessa itse.<\/p>\n<p>Tekniset tiedot:<\/p>\n<ul>\n<li>J\u00e4nnite 230 VAC<\/li>\n<li>Nominaalipaine 0,15 bar<\/li>\n<li>K\u00e4ytt\u00f6paine 0,05 &#8211; 0,2 bar<\/li>\n<li>Ilmanvirtaama nominaalipaineella 60 l\/min<\/li>\n<li>Tehontarve 64 W<\/li>\n<li>Paino 5,0 kg<\/li>\n<li>Tutustu my\u00f6s tuottok\u00e4yr\u00e4\u00e4n tuotekuvissa ja k\u00e4ytt\u00f6ohjeeseen.<\/li>\n<li>Linkki tuotteen helppoon purkamiseen huollon tarpeessa: <a href=\"https:\/\/www.youtube.com\/embed\/videoseries?list=PL64uV3QQXzvZAYSoaAKZ3uLTtyiaGmLZz\">[NITTO KOHKI] LA-60B\/80B 1. Removing Upper Case &#8211; YouTube<\/a><\/li>\n<li>Linkki valmistajan tuotekatalogiin: <a href=\"https:\/\/www.nitto-kohki.eu\/images\/stories\/products\/pdf_catalogs\/blower_overview.pdf\">MEDO Air Blower Series<\/a><\/li>\n<\/ul>\n<p>K\u00e4ytt\u00f6kohteita:<\/p>\n<ul>\n<li>Pienpuhdistamot<\/li>\n<li>Biopuhdistamot<\/li>\n<li>Lampien ilmastaminen<\/li>\n<li>Kalankasvattamot<\/li>\n<li>Teollisuuden prosessit<\/li>\n<li><a href=\"http:\/\/www.avantopumput.fi\">www.avantopumput.fi<\/a><\/li>\n<\/ul>\n","protected":false},"excerpt":{"rendered":"<p>Ilmapumppu 60 litraa minuutissa<\/p>\n","protected":false},"featured_media":88,"template":"","meta":[],"product_brand":[],"product_cat":[15],"product_tag":[],"class_list":{"0":"post-82","1":"product","2":"type-product","3":"status-publish","4":"has-post-thumbnail","6":"product_cat-yleinen","8":"first","9":"instock","10":"taxable","11":"shipping-taxable","12":"purchasable","13":"product-type-simple"},"yoast_head":"<!-- This site is optimized with the Yoast SEO plugin v27.5 - https:\/\/yoast.com\/product\/yoast-seo-wordpress\/ -->\n<title>Ilmastuspumppu LA-60 - Ilmapumput - Air pumps<\/title>\n<meta name=\"description\" content=\"Ilmastuspumput. Niit\u00e4 k\u00e4ytet\u00e4\u00e4n monenlaisiin tarkoituksiin, kuten: Veden ilmastaminen: Ilmastuspumput voivat lis\u00e4t\u00e4 happea veteen, mik\u00e4 on t\u00e4rke\u00e4\u00e4 esimerkiksi akvaarioissa ja kalankasvatusaltaissa. J\u00e4teveden k\u00e4sittely: Niit\u00e4 k\u00e4ytet\u00e4\u00e4n j\u00e4teveden ilmastamiseen, mik\u00e4 auttaa hajottamaan orgaanista materiaalia ja parantamaan veden laatua. Teollisuusprosessit: Ilmastuspumput voivat olla osa teollisia prosesseja, joissa tarvitaan hapen lis\u00e4\u00e4mist\u00e4 nesteisiin tai kaasujen sekoittamista. Puutarhanhoito: Vesiviljelyss\u00e4 ja puutarhanhoidossa ilmastuspumput auttavat pit\u00e4m\u00e4\u00e4n veden hapekkaana kasvien juurille. Pienpuhdistamoissa ja joissakin biopuhdistamoissa yleisesti k\u00e4ytetty ja toimiva ratkaisu. Pumppu pienpuhdistamoon.\" \/>\n<meta name=\"robots\" content=\"index, follow, max-snippet:-1, max-image-preview:large, max-video-preview:-1\" \/>\n<link rel=\"canonical\" href=\"https:\/\/ilmapumput.fi\/wordpress\/index.php\/tuote\/ilmastuspumppu-la-60\/\" \/>\n<meta property=\"og:locale\" content=\"fi_FI\" \/>\n<meta property=\"og:type\" content=\"article\" \/>\n<meta property=\"og:title\" content=\"Ilmastuspumppu LA-60 - Ilmapumput - Air pumps\" \/>\n<meta property=\"og:description\" content=\"Ilmastuspumput. Niit\u00e4 k\u00e4ytet\u00e4\u00e4n monenlaisiin tarkoituksiin, kuten: Veden ilmastaminen: Ilmastuspumput voivat lis\u00e4t\u00e4 happea veteen, mik\u00e4 on t\u00e4rke\u00e4\u00e4 esimerkiksi akvaarioissa ja kalankasvatusaltaissa. J\u00e4teveden k\u00e4sittely: Niit\u00e4 k\u00e4ytet\u00e4\u00e4n j\u00e4teveden ilmastamiseen, mik\u00e4 auttaa hajottamaan orgaanista materiaalia ja parantamaan veden laatua. Teollisuusprosessit: Ilmastuspumput voivat olla osa teollisia prosesseja, joissa tarvitaan hapen lis\u00e4\u00e4mist\u00e4 nesteisiin tai kaasujen sekoittamista. Puutarhanhoito: Vesiviljelyss\u00e4 ja puutarhanhoidossa ilmastuspumput auttavat pit\u00e4m\u00e4\u00e4n veden hapekkaana kasvien juurille. Pienpuhdistamoissa ja joissakin biopuhdistamoissa yleisesti k\u00e4ytetty ja toimiva ratkaisu. Pumppu pienpuhdistamoon.\" \/>\n<meta property=\"og:url\" content=\"https:\/\/ilmapumput.fi\/wordpress\/index.php\/tuote\/ilmastuspumppu-la-60\/\" \/>\n<meta property=\"og:site_name\" content=\"Ilmapumput - Air pumps\" \/>\n<meta property=\"article:modified_time\" content=\"2026-03-25T17:41:29+00:00\" \/>\n<meta property=\"og:image\" content=\"https:\/\/ilmapumput.fi\/wordpress\/wp-content\/uploads\/2025\/03\/LA-80.jpg\" \/>\n\t<meta property=\"og:image:width\" content=\"300\" \/>\n\t<meta property=\"og:image:height\" content=\"300\" \/>\n\t<meta property=\"og:image:type\" content=\"image\/jpeg\" \/>\n<meta name=\"twitter:card\" content=\"summary_large_image\" \/>\n<meta name=\"twitter:label1\" content=\"Arvioitu lukuaika\" \/>\n\t<meta name=\"twitter:data1\" content=\"1 minuutti\" \/>\n<script type=\"application\/ld+json\" class=\"yoast-schema-graph\">{\"@context\":\"https:\\\/\\\/schema.org\",\"@graph\":[{\"@type\":\"WebPage\",\"@id\":\"https:\\\/\\\/ilmapumput.fi\\\/wordpress\\\/index.php\\\/tuote\\\/ilmastuspumppu-la-60\\\/\",\"url\":\"https:\\\/\\\/ilmapumput.fi\\\/wordpress\\\/index.php\\\/tuote\\\/ilmastuspumppu-la-60\\\/\",\"name\":\"Ilmastuspumppu LA-60 - Ilmapumput - Air pumps\",\"isPartOf\":{\"@id\":\"https:\\\/\\\/ilmapumput.fi\\\/wordpress\\\/#website\"},\"primaryImageOfPage\":{\"@id\":\"https:\\\/\\\/ilmapumput.fi\\\/wordpress\\\/index.php\\\/tuote\\\/ilmastuspumppu-la-60\\\/#primaryimage\"},\"image\":{\"@id\":\"https:\\\/\\\/ilmapumput.fi\\\/wordpress\\\/index.php\\\/tuote\\\/ilmastuspumppu-la-60\\\/#primaryimage\"},\"thumbnailUrl\":\"https:\\\/\\\/ilmapumput.fi\\\/wordpress\\\/wp-content\\\/uploads\\\/2025\\\/03\\\/LA-80.jpg\",\"datePublished\":\"2025-03-27T18:28:11+00:00\",\"dateModified\":\"2026-03-25T17:41:29+00:00\",\"description\":\"Ilmastuspumput. Niit\u00e4 k\u00e4ytet\u00e4\u00e4n monenlaisiin tarkoituksiin, kuten: Veden ilmastaminen: Ilmastuspumput voivat lis\u00e4t\u00e4 happea veteen, mik\u00e4 on t\u00e4rke\u00e4\u00e4 esimerkiksi akvaarioissa ja kalankasvatusaltaissa. J\u00e4teveden k\u00e4sittely: Niit\u00e4 k\u00e4ytet\u00e4\u00e4n j\u00e4teveden ilmastamiseen, mik\u00e4 auttaa hajottamaan orgaanista materiaalia ja parantamaan veden laatua. Teollisuusprosessit: Ilmastuspumput voivat olla osa teollisia prosesseja, joissa tarvitaan hapen lis\u00e4\u00e4mist\u00e4 nesteisiin tai kaasujen sekoittamista. Puutarhanhoito: Vesiviljelyss\u00e4 ja puutarhanhoidossa ilmastuspumput auttavat pit\u00e4m\u00e4\u00e4n veden hapekkaana kasvien juurille. Pienpuhdistamoissa ja joissakin biopuhdistamoissa yleisesti k\u00e4ytetty ja toimiva ratkaisu. Pumppu pienpuhdistamoon.\",\"breadcrumb\":{\"@id\":\"https:\\\/\\\/ilmapumput.fi\\\/wordpress\\\/index.php\\\/tuote\\\/ilmastuspumppu-la-60\\\/#breadcrumb\"},\"inLanguage\":\"fi\",\"potentialAction\":[{\"@type\":\"ReadAction\",\"target\":[\"https:\\\/\\\/ilmapumput.fi\\\/wordpress\\\/index.php\\\/tuote\\\/ilmastuspumppu-la-60\\\/\"]}]},{\"@type\":\"ImageObject\",\"inLanguage\":\"fi\",\"@id\":\"https:\\\/\\\/ilmapumput.fi\\\/wordpress\\\/index.php\\\/tuote\\\/ilmastuspumppu-la-60\\\/#primaryimage\",\"url\":\"https:\\\/\\\/ilmapumput.fi\\\/wordpress\\\/wp-content\\\/uploads\\\/2025\\\/03\\\/LA-80.jpg\",\"contentUrl\":\"https:\\\/\\\/ilmapumput.fi\\\/wordpress\\\/wp-content\\\/uploads\\\/2025\\\/03\\\/LA-80.jpg\",\"width\":300,\"height\":300},{\"@type\":\"BreadcrumbList\",\"@id\":\"https:\\\/\\\/ilmapumput.fi\\\/wordpress\\\/index.php\\\/tuote\\\/ilmastuspumppu-la-60\\\/#breadcrumb\",\"itemListElement\":[{\"@type\":\"ListItem\",\"position\":1,\"name\":\"Etusivu\",\"item\":\"https:\\\/\\\/ilmapumput.fi\\\/wordpress\\\/\"},{\"@type\":\"ListItem\",\"position\":2,\"name\":\"Kauppa\",\"item\":\"https:\\\/\\\/ilmapumput.fi\\\/wordpress\\\/index.php\\\/kauppa\\\/\"},{\"@type\":\"ListItem\",\"position\":3,\"name\":\"Ilmastuspumppu LA-60\"}]},{\"@type\":\"WebSite\",\"@id\":\"https:\\\/\\\/ilmapumput.fi\\\/wordpress\\\/#website\",\"url\":\"https:\\\/\\\/ilmapumput.fi\\\/wordpress\\\/\",\"name\":\"Ilmapumput - Air pumps\",\"description\":\"Palom&auml;ki Trading Oy, Y-3405135-9\",\"publisher\":{\"@id\":\"https:\\\/\\\/ilmapumput.fi\\\/wordpress\\\/#organization\"},\"potentialAction\":[{\"@type\":\"SearchAction\",\"target\":{\"@type\":\"EntryPoint\",\"urlTemplate\":\"https:\\\/\\\/ilmapumput.fi\\\/wordpress\\\/?s={search_term_string}\"},\"query-input\":{\"@type\":\"PropertyValueSpecification\",\"valueRequired\":true,\"valueName\":\"search_term_string\"}}],\"inLanguage\":\"fi\"},{\"@type\":\"Organization\",\"@id\":\"https:\\\/\\\/ilmapumput.fi\\\/wordpress\\\/#organization\",\"name\":\"Ilmapumput - Air pumps\",\"url\":\"https:\\\/\\\/ilmapumput.fi\\\/wordpress\\\/\",\"logo\":{\"@type\":\"ImageObject\",\"inLanguage\":\"fi\",\"@id\":\"https:\\\/\\\/ilmapumput.fi\\\/wordpress\\\/#\\\/schema\\\/logo\\\/image\\\/\",\"url\":\"https:\\\/\\\/ilmapumput.fi\\\/wordpress\\\/wp-content\\\/uploads\\\/2025\\\/03\\\/Bubbler-registered-trademark-002.jpg\",\"contentUrl\":\"https:\\\/\\\/ilmapumput.fi\\\/wordpress\\\/wp-content\\\/uploads\\\/2025\\\/03\\\/Bubbler-registered-trademark-002.jpg\",\"width\":2010,\"height\":2010,\"caption\":\"Ilmapumput - Air pumps\"},\"image\":{\"@id\":\"https:\\\/\\\/ilmapumput.fi\\\/wordpress\\\/#\\\/schema\\\/logo\\\/image\\\/\"}}]}<\/script>\n<!-- \/ Yoast SEO plugin. -->","yoast_head_json":{"title":"Ilmastuspumppu LA-60 - Ilmapumput - Air pumps","description":"Ilmastuspumput. Niit\u00e4 k\u00e4ytet\u00e4\u00e4n monenlaisiin tarkoituksiin, kuten: Veden ilmastaminen: Ilmastuspumput voivat lis\u00e4t\u00e4 happea veteen, mik\u00e4 on t\u00e4rke\u00e4\u00e4 esimerkiksi akvaarioissa ja kalankasvatusaltaissa. J\u00e4teveden k\u00e4sittely: Niit\u00e4 k\u00e4ytet\u00e4\u00e4n j\u00e4teveden ilmastamiseen, mik\u00e4 auttaa hajottamaan orgaanista materiaalia ja parantamaan veden laatua. Teollisuusprosessit: Ilmastuspumput voivat olla osa teollisia prosesseja, joissa tarvitaan hapen lis\u00e4\u00e4mist\u00e4 nesteisiin tai kaasujen sekoittamista. Puutarhanhoito: Vesiviljelyss\u00e4 ja puutarhanhoidossa ilmastuspumput auttavat pit\u00e4m\u00e4\u00e4n veden hapekkaana kasvien juurille. Pienpuhdistamoissa ja joissakin biopuhdistamoissa yleisesti k\u00e4ytetty ja toimiva ratkaisu. Pumppu pienpuhdistamoon.","robots":{"index":"index","follow":"follow","max-snippet":"max-snippet:-1","max-image-preview":"max-image-preview:large","max-video-preview":"max-video-preview:-1"},"canonical":"https:\/\/ilmapumput.fi\/wordpress\/index.php\/tuote\/ilmastuspumppu-la-60\/","og_locale":"fi_FI","og_type":"article","og_title":"Ilmastuspumppu LA-60 - Ilmapumput - Air pumps","og_description":"Ilmastuspumput. Niit\u00e4 k\u00e4ytet\u00e4\u00e4n monenlaisiin tarkoituksiin, kuten: Veden ilmastaminen: Ilmastuspumput voivat lis\u00e4t\u00e4 happea veteen, mik\u00e4 on t\u00e4rke\u00e4\u00e4 esimerkiksi akvaarioissa ja kalankasvatusaltaissa. J\u00e4teveden k\u00e4sittely: Niit\u00e4 k\u00e4ytet\u00e4\u00e4n j\u00e4teveden ilmastamiseen, mik\u00e4 auttaa hajottamaan orgaanista materiaalia ja parantamaan veden laatua. Teollisuusprosessit: Ilmastuspumput voivat olla osa teollisia prosesseja, joissa tarvitaan hapen lis\u00e4\u00e4mist\u00e4 nesteisiin tai kaasujen sekoittamista. Puutarhanhoito: Vesiviljelyss\u00e4 ja puutarhanhoidossa ilmastuspumput auttavat pit\u00e4m\u00e4\u00e4n veden hapekkaana kasvien juurille. Pienpuhdistamoissa ja joissakin biopuhdistamoissa yleisesti k\u00e4ytetty ja toimiva ratkaisu. Pumppu pienpuhdistamoon.","og_url":"https:\/\/ilmapumput.fi\/wordpress\/index.php\/tuote\/ilmastuspumppu-la-60\/","og_site_name":"Ilmapumput - Air pumps","article_modified_time":"2026-03-25T17:41:29+00:00","og_image":[{"width":300,"height":300,"url":"https:\/\/ilmapumput.fi\/wordpress\/wp-content\/uploads\/2025\/03\/LA-80.jpg","type":"image\/jpeg"}],"twitter_card":"summary_large_image","twitter_misc":{"Arvioitu lukuaika":"1 minuutti"},"schema":{"@context":"https:\/\/schema.org","@graph":[{"@type":"WebPage","@id":"https:\/\/ilmapumput.fi\/wordpress\/index.php\/tuote\/ilmastuspumppu-la-60\/","url":"https:\/\/ilmapumput.fi\/wordpress\/index.php\/tuote\/ilmastuspumppu-la-60\/","name":"Ilmastuspumppu LA-60 - Ilmapumput - Air pumps","isPartOf":{"@id":"https:\/\/ilmapumput.fi\/wordpress\/#website"},"primaryImageOfPage":{"@id":"https:\/\/ilmapumput.fi\/wordpress\/index.php\/tuote\/ilmastuspumppu-la-60\/#primaryimage"},"image":{"@id":"https:\/\/ilmapumput.fi\/wordpress\/index.php\/tuote\/ilmastuspumppu-la-60\/#primaryimage"},"thumbnailUrl":"https:\/\/ilmapumput.fi\/wordpress\/wp-content\/uploads\/2025\/03\/LA-80.jpg","datePublished":"2025-03-27T18:28:11+00:00","dateModified":"2026-03-25T17:41:29+00:00","description":"Ilmastuspumput. Niit\u00e4 k\u00e4ytet\u00e4\u00e4n monenlaisiin tarkoituksiin, kuten: Veden ilmastaminen: Ilmastuspumput voivat lis\u00e4t\u00e4 happea veteen, mik\u00e4 on t\u00e4rke\u00e4\u00e4 esimerkiksi akvaarioissa ja kalankasvatusaltaissa. J\u00e4teveden k\u00e4sittely: Niit\u00e4 k\u00e4ytet\u00e4\u00e4n j\u00e4teveden ilmastamiseen, mik\u00e4 auttaa hajottamaan orgaanista materiaalia ja parantamaan veden laatua. Teollisuusprosessit: Ilmastuspumput voivat olla osa teollisia prosesseja, joissa tarvitaan hapen lis\u00e4\u00e4mist\u00e4 nesteisiin tai kaasujen sekoittamista. Puutarhanhoito: Vesiviljelyss\u00e4 ja puutarhanhoidossa ilmastuspumput auttavat pit\u00e4m\u00e4\u00e4n veden hapekkaana kasvien juurille. Pienpuhdistamoissa ja joissakin biopuhdistamoissa yleisesti k\u00e4ytetty ja toimiva ratkaisu. Pumppu pienpuhdistamoon.","breadcrumb":{"@id":"https:\/\/ilmapumput.fi\/wordpress\/index.php\/tuote\/ilmastuspumppu-la-60\/#breadcrumb"},"inLanguage":"fi","potentialAction":[{"@type":"ReadAction","target":["https:\/\/ilmapumput.fi\/wordpress\/index.php\/tuote\/ilmastuspumppu-la-60\/"]}]},{"@type":"ImageObject","inLanguage":"fi","@id":"https:\/\/ilmapumput.fi\/wordpress\/index.php\/tuote\/ilmastuspumppu-la-60\/#primaryimage","url":"https:\/\/ilmapumput.fi\/wordpress\/wp-content\/uploads\/2025\/03\/LA-80.jpg","contentUrl":"https:\/\/ilmapumput.fi\/wordpress\/wp-content\/uploads\/2025\/03\/LA-80.jpg","width":300,"height":300},{"@type":"BreadcrumbList","@id":"https:\/\/ilmapumput.fi\/wordpress\/index.php\/tuote\/ilmastuspumppu-la-60\/#breadcrumb","itemListElement":[{"@type":"ListItem","position":1,"name":"Etusivu","item":"https:\/\/ilmapumput.fi\/wordpress\/"},{"@type":"ListItem","position":2,"name":"Kauppa","item":"https:\/\/ilmapumput.fi\/wordpress\/index.php\/kauppa\/"},{"@type":"ListItem","position":3,"name":"Ilmastuspumppu LA-60"}]},{"@type":"WebSite","@id":"https:\/\/ilmapumput.fi\/wordpress\/#website","url":"https:\/\/ilmapumput.fi\/wordpress\/","name":"Ilmapumput - Air pumps","description":"Palom&auml;ki Trading Oy, Y-3405135-9","publisher":{"@id":"https:\/\/ilmapumput.fi\/wordpress\/#organization"},"potentialAction":[{"@type":"SearchAction","target":{"@type":"EntryPoint","urlTemplate":"https:\/\/ilmapumput.fi\/wordpress\/?s={search_term_string}"},"query-input":{"@type":"PropertyValueSpecification","valueRequired":true,"valueName":"search_term_string"}}],"inLanguage":"fi"},{"@type":"Organization","@id":"https:\/\/ilmapumput.fi\/wordpress\/#organization","name":"Ilmapumput - Air pumps","url":"https:\/\/ilmapumput.fi\/wordpress\/","logo":{"@type":"ImageObject","inLanguage":"fi","@id":"https:\/\/ilmapumput.fi\/wordpress\/#\/schema\/logo\/image\/","url":"https:\/\/ilmapumput.fi\/wordpress\/wp-content\/uploads\/2025\/03\/Bubbler-registered-trademark-002.jpg","contentUrl":"https:\/\/ilmapumput.fi\/wordpress\/wp-content\/uploads\/2025\/03\/Bubbler-registered-trademark-002.jpg","width":2010,"height":2010,"caption":"Ilmapumput - Air pumps"},"image":{"@id":"https:\/\/ilmapumput.fi\/wordpress\/#\/schema\/logo\/image\/"}}]}},"_links":{"self":[{"href":"https:\/\/ilmapumput.fi\/wordpress\/index.php\/wp-json\/wp\/v2\/product\/82","targetHints":{"allow":["GET"]}}],"collection":[{"href":"https:\/\/ilmapumput.fi\/wordpress\/index.php\/wp-json\/wp\/v2\/product"}],"about":[{"href":"https:\/\/ilmapumput.fi\/wordpress\/index.php\/wp-json\/wp\/v2\/types\/product"}],"wp:featuredmedia":[{"embeddable":true,"href":"https:\/\/ilmapumput.fi\/wordpress\/index.php\/wp-json\/wp\/v2\/media\/88"}],"wp:attachment":[{"href":"https:\/\/ilmapumput.fi\/wordpress\/index.php\/wp-json\/wp\/v2\/media?parent=82"}],"wp:term":[{"taxonomy":"product_brand","embeddable":true,"href":"https:\/\/ilmapumput.fi\/wordpress\/index.php\/wp-json\/wp\/v2\/product_brand?post=82"},{"taxonomy":"product_cat","embeddable":true,"href":"https:\/\/ilmapumput.fi\/wordpress\/index.php\/wp-json\/wp\/v2\/product_cat?post=82"},{"taxonomy":"product_tag","embeddable":true,"href":"https:\/\/ilmapumput.fi\/wordpress\/index.php\/wp-json\/wp\/v2\/product_tag?post=82"}],"curies":[{"name":"wp","href":"https:\/\/api.w.org\/{rel}","templated":true}]}}